{"id":25,"date":"2024-09-23T18:36:37","date_gmt":"2024-09-23T18:36:37","guid":{"rendered":"https:\/\/archilaflowers.com\/sabana\/carrito\/"},"modified":"2024-09-23T18:36:37","modified_gmt":"2024-09-23T18:36:37","slug":"carrito","status":"publish","type":"page","link":"https:\/\/archilaflowers.com\/sabana\/carrito\/","title":{"rendered":"Carrito"},"content":{"rendered":"\n<div data-block-name=\"woocommerce\/cart\" class=\"wp-block-woocommerce-cart alignwide is-loading\">\n<div data-block-name=\"woocommerce\/filled-cart-block\" class=\"wp-block-woocommerce-filled-cart-block\">\n<div data-block-name=\"woocommerce\/cart-items-block\" class=\"wp-block-woocommerce-cart-items-block\">\n<div data-block-name=\"woocommerce\/cart-line-items-block\" class=\"wp-block-woocommerce-cart-line-items-block\"><\/div>\n\n\n\n<div data-block-name=\"woocommerce\/cart-cross-sells-block\" class=\"wp-block-woocommerce-cart-cross-sells-block\">\n<h2 class=\"wp-block-heading has-large-font-size\">Puede que te interese\u2026<\/h2>\n\n\n\n<div data-block-name=\"woocommerce\/cart-cross-sells-products-block\" class=\"wp-block-woocommerce-cart-cross-sells-products-block\"><\/div>\n<\/div>\n<\/div>\n\n\n\n<div data-block-name=\"woocommerce\/cart-totals-block\" class=\"wp-block-woocommerce-cart-totals-block\">\n<div data-block-name=\"woocommerce\/cart-order-summary-block\" class=\"wp-block-woocommerce-cart-order-summary-block\">\n<div data-block-name=\"woocommerce\/cart-order-summary-heading-block\" class=\"wp-block-woocommerce-cart-order-summary-heading-block\"><\/div><div data-block-name=\"woocommerce\/cart-order-summary-coupon-form-block\" class=\"wp-block-woocommerce-cart-order-summary-coupon-form-block\"><\/div><div data-block-name=\"woocommerce\/cart-order-summary-totals-block\" class=\"wp-block-woocommerce-cart-order-summary-totals-block\">\n<div data-block-name=\"woocommerce\/cart-order-summary-subtotal-block\" class=\"wp-block-woocommerce-cart-order-summary-subtotal-block\"><\/div>\n<div data-block-name=\"woocommerce\/cart-order-summary-discount-block\" class=\"wp-block-woocommerce-cart-order-summary-discount-block\"><\/div>\n<div data-block-name=\"woocommerce\/cart-order-summary-fee-block\" class=\"wp-block-woocommerce-cart-order-summary-fee-block\"><\/div>\n<div data-block-name=\"woocommerce\/cart-order-summary-shipping-block\" class=\"wp-block-woocommerce-cart-order-summary-shipping-block\"><\/div>\n<div data-block-name=\"woocommerce\/cart-order-summary-taxes-block\" class=\"wp-block-woocommerce-cart-order-summary-taxes-block\"><\/div><\/div>\n<\/div>\n\n\n\n<div data-block-name=\"woocommerce\/cart-express-payment-block\" class=\"wp-block-woocommerce-cart-express-payment-block\"><\/div>\n\n\n\n<div data-block-name=\"woocommerce\/proceed-to-checkout-block\" class=\"wp-block-woocommerce-proceed-to-checkout-block\"><\/div>\n\n\n\n<div data-block-name=\"woocommerce\/cart-accepted-payment-methods-block\" class=\"wp-block-woocommerce-cart-accepted-payment-methods-block\"><\/div>\n<\/div>\n<\/div>\n\n\n\n<div data-block-name=\"woocommerce\/empty-cart-block\" class=\"wp-block-woocommerce-empty-cart-block\">\n<h2 class=\"wp-block-heading has-text-align-center with-empty-cart-icon wc-block-cart__empty-cart__title\">\u00a1Tu carrito est\u00e1 actualmente vac\u00edo!<\/h2>\n\n\n\n<hr class=\"wp-block-separator has-alpha-channel-opacity is-style-dots\"\/>\n\n\n\n<h2 class=\"wp-block-heading has-text-align-center\">Nuevo en la tienda<\/h2>\n\n\n<div data-block-name=\"woocommerce\/product-new\" data-columns=\"4\" data-rows=\"1\" class=\"wc-block-grid wp-block-product-new wp-block-woocommerce-product-new wc-block-product-new has-4-columns\"><ul class=\"wc-block-grid__products\"><li class=\"wc-block-grid__product\">\n\t\t\t\t<a href=\"https:\/\/archilaflowers.com\/sabana\/producto\/fb16\/\" class=\"wc-block-grid__product-link\">\n\t\t\t\t\t<div class=\"wc-block-grid__product-onsale\">\n\t\t\t<span aria-hidden=\"true\">Oferta<\/span>\n\t\t\t<span class=\"screen-reader-text\">Producto en oferta<\/span>\n\t\t<\/div>\n\t\t\t\t\t<div class=\"wc-block-grid__product-image\"><img loading=\"lazy\" decoding=\"async\" width=\"300\" height=\"300\" src=\"https:\/\/archilaflowers.com\/sabana\/wp-content\/uploads\/2024\/09\/Diseno-sin-titulo-37-300x300.png\" class=\"attachment-woocommerce_thumbnail size-woocommerce_thumbnail\" alt=\"FBS16\" srcset=\"https:\/\/archilaflowers.com\/sabana\/wp-content\/uploads\/2024\/09\/Diseno-sin-titulo-37-300x300.png 300w, https:\/\/archilaflowers.com\/sabana\/wp-content\/uploads\/2024\/09\/Diseno-sin-titulo-37-150x150.png 150w, https:\/\/archilaflowers.com\/sabana\/wp-content\/uploads\/2024\/09\/Diseno-sin-titulo-37-140x140.png 140w, https:\/\/archilaflowers.com\/sabana\/wp-content\/uploads\/2024\/09\/Diseno-sin-titulo-37-100x100.png 100w, https:\/\/archilaflowers.com\/sabana\/wp-content\/uploads\/2024\/09\/Diseno-sin-titulo-37-350x350.png 350w, https:\/\/archilaflowers.com\/sabana\/wp-content\/uploads\/2024\/09\/Diseno-sin-titulo-37.png 500w\" sizes=\"auto, (max-width: 300px) 100vw, 300px\" \/><\/div>\n\t\t\t\t\t<div class=\"wc-block-grid__product-title\">FBS16<\/div>\n\t\t\t\t<\/a>\n\t\t\t\t<div class=\"wc-block-grid__product-price price\"><del aria-hidden=\"true\"><span class=\"woocommerce-Price-amount amount\"><span class=\"woocommerce-Price-currencySymbol\">&#036;<\/span>240,000<\/span><\/del> <span class=\"screen-reader-text\">El precio original era: &#036;240,000.<\/span><ins aria-hidden=\"true\"><span class=\"woocommerce-Price-amount amount\"><span class=\"woocommerce-Price-currencySymbol\">&#036;<\/span>220,000<\/span><\/ins><span class=\"screen-reader-text\">El precio actual es: &#036;220,000.<\/span><\/div>\n\t\t\t\t\n\t\t\t\t<div class=\"wp-block-button wc-block-grid__product-add-to-cart\"><a href=\"\/sabana\/wp-json\/wp\/v2\/pages\/25?add-to-cart=153\" aria-label=\"A\u00f1adir al carrito: &ldquo;FBS16&rdquo;\" data-quantity=\"1\" data-product_id=\"153\" data-product_sku=\"\" data-price=\"220000\" rel=\"nofollow\" class=\"wp-block-button__link  add_to_cart_button ajax_add_to_cart\">Comprar<\/a><\/div>\n\t\t\t<\/li><li class=\"wc-block-grid__product\">\n\t\t\t\t<a href=\"https:\/\/archilaflowers.com\/sabana\/producto\/fb15\/\" class=\"wc-block-grid__product-link\">\n\t\t\t\t\t<div class=\"wc-block-grid__product-onsale\">\n\t\t\t<span aria-hidden=\"true\">Oferta<\/span>\n\t\t\t<span class=\"screen-reader-text\">Producto en oferta<\/span>\n\t\t<\/div>\n\t\t\t\t\t<div class=\"wc-block-grid__product-image\"><img loading=\"lazy\" decoding=\"async\" width=\"300\" height=\"300\" src=\"https:\/\/archilaflowers.com\/sabana\/wp-content\/uploads\/2024\/09\/corona-1-300x300.png\" class=\"attachment-woocommerce_thumbnail size-woocommerce_thumbnail\" alt=\"FBS15\" srcset=\"https:\/\/archilaflowers.com\/sabana\/wp-content\/uploads\/2024\/09\/corona-1-300x300.png 300w, https:\/\/archilaflowers.com\/sabana\/wp-content\/uploads\/2024\/09\/corona-1-150x150.png 150w, https:\/\/archilaflowers.com\/sabana\/wp-content\/uploads\/2024\/09\/corona-1-140x140.png 140w, https:\/\/archilaflowers.com\/sabana\/wp-content\/uploads\/2024\/09\/corona-1-100x100.png 100w, https:\/\/archilaflowers.com\/sabana\/wp-content\/uploads\/2024\/09\/corona-1-350x350.png 350w, https:\/\/archilaflowers.com\/sabana\/wp-content\/uploads\/2024\/09\/corona-1.png 500w\" sizes=\"auto, (max-width: 300px) 100vw, 300px\" \/><\/div>\n\t\t\t\t\t<div class=\"wc-block-grid__product-title\">FBS15<\/div>\n\t\t\t\t<\/a>\n\t\t\t\t<div class=\"wc-block-grid__product-price price\"><del aria-hidden=\"true\"><span class=\"woocommerce-Price-amount amount\"><span class=\"woocommerce-Price-currencySymbol\">&#036;<\/span>250,000<\/span><\/del> <span class=\"screen-reader-text\">El precio original era: &#036;250,000.<\/span><ins aria-hidden=\"true\"><span class=\"woocommerce-Price-amount amount\"><span class=\"woocommerce-Price-currencySymbol\">&#036;<\/span>230,000<\/span><\/ins><span class=\"screen-reader-text\">El precio actual es: &#036;230,000.<\/span><\/div>\n\t\t\t\t\n\t\t\t\t<div class=\"wp-block-button wc-block-grid__product-add-to-cart\"><a href=\"\/sabana\/wp-json\/wp\/v2\/pages\/25?add-to-cart=151\" aria-label=\"A\u00f1adir al carrito: &ldquo;FBS15&rdquo;\" data-quantity=\"1\" data-product_id=\"151\" data-product_sku=\"\" data-price=\"230000\" rel=\"nofollow\" class=\"wp-block-button__link  add_to_cart_button ajax_add_to_cart\">Comprar<\/a><\/div>\n\t\t\t<\/li><li class=\"wc-block-grid__product\">\n\t\t\t\t<a href=\"https:\/\/archilaflowers.com\/sabana\/producto\/fb14\/\" class=\"wc-block-grid__product-link\">\n\t\t\t\t\t<div class=\"wc-block-grid__product-onsale\">\n\t\t\t<span aria-hidden=\"true\">Oferta<\/span>\n\t\t\t<span class=\"screen-reader-text\">Producto en oferta<\/span>\n\t\t<\/div>\n\t\t\t\t\t<div class=\"wc-block-grid__product-image\"><img loading=\"lazy\" decoding=\"async\" width=\"300\" height=\"300\" src=\"https:\/\/archilaflowers.com\/sabana\/wp-content\/uploads\/2024\/09\/Diseno-sin-titulo-36-2-300x300-1.png\" class=\"attachment-woocommerce_thumbnail size-woocommerce_thumbnail\" alt=\"FBS14\" srcset=\"https:\/\/archilaflowers.com\/sabana\/wp-content\/uploads\/2024\/09\/Diseno-sin-titulo-36-2-300x300-1.png 300w, https:\/\/archilaflowers.com\/sabana\/wp-content\/uploads\/2024\/09\/Diseno-sin-titulo-36-2-300x300-1-150x150.png 150w, https:\/\/archilaflowers.com\/sabana\/wp-content\/uploads\/2024\/09\/Diseno-sin-titulo-36-2-300x300-1-140x140.png 140w, https:\/\/archilaflowers.com\/sabana\/wp-content\/uploads\/2024\/09\/Diseno-sin-titulo-36-2-300x300-1-100x100.png 100w\" sizes=\"auto, (max-width: 300px) 100vw, 300px\" \/><\/div>\n\t\t\t\t\t<div class=\"wc-block-grid__product-title\">FBS14<\/div>\n\t\t\t\t<\/a>\n\t\t\t\t<div class=\"wc-block-grid__product-price price\"><del aria-hidden=\"true\"><span class=\"woocommerce-Price-amount amount\"><span class=\"woocommerce-Price-currencySymbol\">&#036;<\/span>270,000<\/span><\/del> <span class=\"screen-reader-text\">El precio original era: &#036;270,000.<\/span><ins aria-hidden=\"true\"><span class=\"woocommerce-Price-amount amount\"><span class=\"woocommerce-Price-currencySymbol\">&#036;<\/span>250,000<\/span><\/ins><span class=\"screen-reader-text\">El precio actual es: &#036;250,000.<\/span><\/div>\n\t\t\t\t\n\t\t\t\t<div class=\"wp-block-button wc-block-grid__product-add-to-cart\"><a href=\"\/sabana\/wp-json\/wp\/v2\/pages\/25?add-to-cart=149\" aria-label=\"A\u00f1adir al carrito: &ldquo;FBS14&rdquo;\" data-quantity=\"1\" data-product_id=\"149\" data-product_sku=\"\" data-price=\"250000\" rel=\"nofollow\" class=\"wp-block-button__link  add_to_cart_button ajax_add_to_cart\">Comprar<\/a><\/div>\n\t\t\t<\/li><li class=\"wc-block-grid__product\">\n\t\t\t\t<a href=\"https:\/\/archilaflowers.com\/sabana\/producto\/fb13\/\" class=\"wc-block-grid__product-link\">\n\t\t\t\t\t<div class=\"wc-block-grid__product-onsale\">\n\t\t\t<span aria-hidden=\"true\">Oferta<\/span>\n\t\t\t<span class=\"screen-reader-text\">Producto en oferta<\/span>\n\t\t<\/div>\n\t\t\t\t\t<div class=\"wc-block-grid__product-image\"><img loading=\"lazy\" decoding=\"async\" width=\"300\" height=\"300\" src=\"https:\/\/archilaflowers.com\/sabana\/wp-content\/uploads\/2024\/09\/FUNEBRE-3-300x300.png\" class=\"attachment-woocommerce_thumbnail size-woocommerce_thumbnail\" alt=\"FBS13\" srcset=\"https:\/\/archilaflowers.com\/sabana\/wp-content\/uploads\/2024\/09\/FUNEBRE-3-300x300.png 300w, https:\/\/archilaflowers.com\/sabana\/wp-content\/uploads\/2024\/09\/FUNEBRE-3-150x150.png 150w, https:\/\/archilaflowers.com\/sabana\/wp-content\/uploads\/2024\/09\/FUNEBRE-3-140x140.png 140w, https:\/\/archilaflowers.com\/sabana\/wp-content\/uploads\/2024\/09\/FUNEBRE-3-100x100.png 100w, https:\/\/archilaflowers.com\/sabana\/wp-content\/uploads\/2024\/09\/FUNEBRE-3-500x500.png 500w, https:\/\/archilaflowers.com\/sabana\/wp-content\/uploads\/2024\/09\/FUNEBRE-3-350x350.png 350w\" sizes=\"auto, (max-width: 300px) 100vw, 300px\" \/><\/div>\n\t\t\t\t\t<div class=\"wc-block-grid__product-title\">FBS13<\/div>\n\t\t\t\t<\/a>\n\t\t\t\t<div class=\"wc-block-grid__product-price price\"><del aria-hidden=\"true\"><span class=\"woocommerce-Price-amount amount\"><span class=\"woocommerce-Price-currencySymbol\">&#036;<\/span>250,000<\/span><\/del> <span class=\"screen-reader-text\">El precio original era: &#036;250,000.<\/span><ins aria-hidden=\"true\"><span class=\"woocommerce-Price-amount amount\"><span class=\"woocommerce-Price-currencySymbol\">&#036;<\/span>230,000<\/span><\/ins><span class=\"screen-reader-text\">El precio actual es: &#036;230,000.<\/span><\/div>\n\t\t\t\t\n\t\t\t\t<div class=\"wp-block-button wc-block-grid__product-add-to-cart\"><a href=\"\/sabana\/wp-json\/wp\/v2\/pages\/25?add-to-cart=147\" aria-label=\"A\u00f1adir al carrito: &ldquo;FBS13&rdquo;\" data-quantity=\"1\" data-product_id=\"147\" data-product_sku=\"\" data-price=\"230000\" rel=\"nofollow\" class=\"wp-block-button__link  add_to_cart_button ajax_add_to_cart\">Comprar<\/a><\/div>\n\t\t\t<\/li><\/ul><\/div><\/div>\n<\/div>\n","protected":false},"excerpt":{"rendered":"Puede que te interese\u2026 \u00a1Tu carrito est\u00e1 actualmente vac\u00edo! Nuevo en la tienda","protected":false},"author":1,"featured_media":0,"parent":0,"menu_order":0,"comment_status":"closed","ping_status":"closed","template":"","meta":{"footnotes":""},"class_list":["post-25","page","type-page","status-publish"],"yoast_head":"<!-- This site is optimized with the Yoast SEO Premium plugin v23.3 (Yoast SEO v26.1) - https:\/\/yoast.com\/wordpress\/plugins\/seo\/ -->\n<title>Carrito - Floristeria en la Sabana<\/title>\n<meta name=\"robots\" content=\"index, follow, max-snippet:-1, max-image-preview:large, max-video-preview:-1\" \/>\n<link rel=\"canonical\" href=\"https:\/\/archilaflowers.com\/sabana\/carrito\/\" \/>\n<meta property=\"og:locale\" content=\"es_ES\" \/>\n<meta property=\"og:type\" content=\"article\" \/>\n<meta property=\"og:title\" content=\"Carrito\" \/>\n<meta property=\"og:url\" content=\"https:\/\/archilaflowers.com\/sabana\/carrito\/\" \/>\n<meta property=\"og:site_name\" content=\"Floristeria en la Sabana\" \/>\n<meta name=\"twitter:card\" content=\"summary_large_image\" \/>\n<script type=\"application\/ld+json\" class=\"yoast-schema-graph\">{\"@context\":\"https:\/\/schema.org\",\"@graph\":[{\"@type\":\"WebPage\",\"@id\":\"https:\/\/archilaflowers.com\/sabana\/carrito\/\",\"url\":\"https:\/\/archilaflowers.com\/sabana\/carrito\/\",\"name\":\"Carrito - Floristeria en la Sabana\",\"isPartOf\":{\"@id\":\"https:\/\/archilaflowers.com\/sabana\/#website\"},\"datePublished\":\"2024-09-23T18:36:37+00:00\",\"breadcrumb\":{\"@id\":\"https:\/\/archilaflowers.com\/sabana\/carrito\/#breadcrumb\"},\"inLanguage\":\"es\",\"potentialAction\":[{\"@type\":\"ReadAction\",\"target\":[\"https:\/\/archilaflowers.com\/sabana\/carrito\/\"]}]},{\"@type\":\"BreadcrumbList\",\"@id\":\"https:\/\/archilaflowers.com\/sabana\/carrito\/#breadcrumb\",\"itemListElement\":[{\"@type\":\"ListItem\",\"position\":1,\"name\":\"Home\",\"item\":\"https:\/\/archilaflowers.com\/sabana\/\"},{\"@type\":\"ListItem\",\"position\":2,\"name\":\"Carrito\"}]},{\"@type\":\"WebSite\",\"@id\":\"https:\/\/archilaflowers.com\/sabana\/#website\",\"url\":\"https:\/\/archilaflowers.com\/sabana\/\",\"name\":\"Floristeria en la Sabana\",\"description\":\"Envi\u00f3 de flores a Ch\u00eda, Cajic\u00e1, Sopo, Zipaquir\u00e1, Tenjo \",\"potentialAction\":[{\"@type\":\"SearchAction\",\"target\":{\"@type\":\"EntryPoint\",\"urlTemplate\":\"https:\/\/archilaflowers.com\/sabana\/?s={search_term_string}\"},\"query-input\":{\"@type\":\"PropertyValueSpecification\",\"valueRequired\":true,\"valueName\":\"search_term_string\"}}],\"inLanguage\":\"es\"}]}<\/script>\n<!-- \/ Yoast SEO Premium plugin. -->","yoast_head_json":{"title":"Carrito - Floristeria en la Sabana","robots":{"index":"index","follow":"follow","max-snippet":"max-snippet:-1","max-image-preview":"max-image-preview:large","max-video-preview":"max-video-preview:-1"},"canonical":"https:\/\/archilaflowers.com\/sabana\/carrito\/","og_locale":"es_ES","og_type":"article","og_title":"Carrito","og_url":"https:\/\/archilaflowers.com\/sabana\/carrito\/","og_site_name":"Floristeria en la Sabana","twitter_card":"summary_large_image","schema":{"@context":"https:\/\/schema.org","@graph":[{"@type":"WebPage","@id":"https:\/\/archilaflowers.com\/sabana\/carrito\/","url":"https:\/\/archilaflowers.com\/sabana\/carrito\/","name":"Carrito - Floristeria en la Sabana","isPartOf":{"@id":"https:\/\/archilaflowers.com\/sabana\/#website"},"datePublished":"2024-09-23T18:36:37+00:00","breadcrumb":{"@id":"https:\/\/archilaflowers.com\/sabana\/carrito\/#breadcrumb"},"inLanguage":"es","potentialAction":[{"@type":"ReadAction","target":["https:\/\/archilaflowers.com\/sabana\/carrito\/"]}]},{"@type":"BreadcrumbList","@id":"https:\/\/archilaflowers.com\/sabana\/carrito\/#breadcrumb","itemListElement":[{"@type":"ListItem","position":1,"name":"Home","item":"https:\/\/archilaflowers.com\/sabana\/"},{"@type":"ListItem","position":2,"name":"Carrito"}]},{"@type":"WebSite","@id":"https:\/\/archilaflowers.com\/sabana\/#website","url":"https:\/\/archilaflowers.com\/sabana\/","name":"Floristeria en la Sabana","description":"Envi\u00f3 de flores a Ch\u00eda, Cajic\u00e1, Sopo, Zipaquir\u00e1, Tenjo ","potentialAction":[{"@type":"SearchAction","target":{"@type":"EntryPoint","urlTemplate":"https:\/\/archilaflowers.com\/sabana\/?s={search_term_string}"},"query-input":{"@type":"PropertyValueSpecification","valueRequired":true,"valueName":"search_term_string"}}],"inLanguage":"es"}]}},"_links":{"self":[{"href":"https:\/\/archilaflowers.com\/sabana\/wp-json\/wp\/v2\/pages\/25","targetHints":{"allow":["GET"]}}],"collection":[{"href":"https:\/\/archilaflowers.com\/sabana\/wp-json\/wp\/v2\/pages"}],"about":[{"href":"https:\/\/archilaflowers.com\/sabana\/wp-json\/wp\/v2\/types\/page"}],"author":[{"embeddable":true,"href":"https:\/\/archilaflowers.com\/sabana\/wp-json\/wp\/v2\/users\/1"}],"replies":[{"embeddable":true,"href":"https:\/\/archilaflowers.com\/sabana\/wp-json\/wp\/v2\/comments?post=25"}],"version-history":[{"count":0,"href":"https:\/\/archilaflowers.com\/sabana\/wp-json\/wp\/v2\/pages\/25\/revisions"}],"wp:attachment":[{"href":"https:\/\/archilaflowers.com\/sabana\/wp-json\/wp\/v2\/media?parent=25"}],"curies":[{"name":"wp","href":"https:\/\/api.w.org\/{rel}","templated":true}]}}