{"id":125,"date":"2024-09-23T18:41:45","date_gmt":"2024-09-23T18:41:45","guid":{"rendered":"https:\/\/archilaflowers.com\/sabana\/producto\/producto-47\/"},"modified":"2025-06-28T23:15:19","modified_gmt":"2025-06-28T23:15:19","slug":"floristerias-en-sopo","status":"publish","type":"product","link":"https:\/\/archilaflowers.com\/sabana\/producto\/floristerias-en-sopo\/","title":{"rendered":"Sabana02"},"content":{"rendered":"<h1 data-start=\"348\" data-end=\"429\"> Florister\u00edas en Sop\u00f3 \u2013 Compra flores frescas a domicilio con Archila Flowers<\/h1>\n<h2 data-start=\"431\" data-end=\"517\">Archila Flowers: tu florister\u00eda en Sop\u00f3 con entrega r\u00e1pida y dise\u00f1os espectaculares<\/h2>\n<p data-start=\"519\" data-end=\"906\">\u00bfBuscas <strong data-start=\"527\" data-end=\"551\">florister\u00edas en Sop\u00f3<\/strong> con flores frescas, atenci\u00f3n personalizada y entregas puntuales? En <strong data-start=\"620\" data-end=\"639\">Archila Flowers<\/strong>, nuestra misi\u00f3n es ayudarte a sorprender, agradecer o acompa\u00f1ar con flores naturales de alta calidad. Desde nuestro cat\u00e1logo online puedes comprar arreglos florales para toda ocasi\u00f3n y enviarlos directamente a cualquier direcci\u00f3n en Sop\u00f3 y la Sabana Norte de Bogot\u00e1.<\/p>\n<p data-start=\"908\" data-end=\"1134\">Gracias a nuestra experiencia, log\u00edstica nacional y pasi\u00f3n por lo que hacemos, Archila Flowers se ha convertido en una de las florister\u00edas favoritas de quienes desean comprar flores en l\u00ednea desde Colombia o desde el exterior.<\/p>\n<hr data-start=\"1136\" data-end=\"1139\" \/>\n<h2 data-start=\"1141\" data-end=\"1199\"> \u00bfPor qu\u00e9 Archila Flowers es tu mejor opci\u00f3n en Sop\u00f3?<\/h2>\n<h3 data-start=\"1201\" data-end=\"1248\">\u2705 Entregas a domicilio en Sop\u00f3 el mismo d\u00eda<\/h3>\n<p data-start=\"1250\" data-end=\"1402\">Realizamos entregas express en Sop\u00f3 si haces tu pedido antes de las 2:00 p.m. Ideal para cumplea\u00f1os, aniversarios, condolencias u ocasiones espont\u00e1neas.<\/p>\n<h3 data-start=\"1404\" data-end=\"1453\">\u2705 Flores siempre frescas, directo del cultivo<\/h3>\n<p data-start=\"1455\" data-end=\"1668\">Nuestras flores vienen directamente del campo colombiano, seleccionadas y preparadas con esmero por floristas expertos. Ofrecemos <strong data-start=\"1585\" data-end=\"1667\">rosas, girasoles, lirios, orqu\u00eddeas, hortensias, alstroemerias, follajes y m\u00e1s<\/strong>.<\/p>\n<h3 data-start=\"1670\" data-end=\"1721\">\u2705 Atenci\u00f3n personalizada y soporte v\u00eda WhatsApp<\/h3>\n<p data-start=\"1723\" data-end=\"1883\">\u00bfTienes una idea espec\u00edfica en mente? Escr\u00edbenos por WhatsApp y te asesoramos en tiempo real. Creamos <strong data-start=\"1825\" data-end=\"1851\">dise\u00f1os personalizados<\/strong> seg\u00fan tus gustos y necesidades.<\/p>\n<p data-start=\"1885\" data-end=\"1942\"> <a class=\"cursor-pointer\" target=\"_new\" rel=\"noopener\" data-start=\"1888\" data-end=\"1942\">Chatea con nosotros aqu\u00ed<\/a><\/p>\n<hr data-start=\"1944\" data-end=\"1947\" \/>\n<h2 data-start=\"1949\" data-end=\"2008\"> Compra flores por ocasi\u00f3n desde nuestra tienda online<\/h2>\n<p data-start=\"2010\" data-end=\"2188\">Nuestra tienda online est\u00e1 organizada por <strong data-start=\"2052\" data-end=\"2090\">ocasiones, tipos de flor y estilos<\/strong>, para que encuentres f\u00e1cilmente el arreglo ideal. Aqu\u00ed algunas de nuestras categor\u00edas destacadas:<\/p>\n<h3 data-start=\"2190\" data-end=\"2219\"> Ramos de Rosas en Sop\u00f3<\/h3>\n<p data-start=\"2221\" data-end=\"2358\">Expresa amor, gratitud o pasi\u00f3n con un <strong data-start=\"2260\" data-end=\"2277\">ramo de rosas<\/strong> frescas. Disponibles en rojo, blanco, rosa, amarillo y combinaciones especiales.<\/p>\n<p data-start=\"2360\" data-end=\"2415\"> Ver m\u00e1s: <a class=\"\" href=\"#\" rel=\"noopener\" data-start=\"2372\" data-end=\"2415\"><strong data-start=\"2373\" data-end=\"2411\">Ramos de rosas a domicilio en Sop\u00f3<\/strong><\/a><\/p>\n<h3 data-start=\"2417\" data-end=\"2446\"> Arreglos con girasoles<\/h3>\n<p data-start=\"2448\" data-end=\"2596\">Los girasoles representan alegr\u00eda, energ\u00eda y optimismo. Son perfectos para cumplea\u00f1os, agradecimientos o simplemente para alegrar el d\u00eda de alguien.<\/p>\n<p data-start=\"2598\" data-end=\"2648\"> Ver m\u00e1s: <a class=\"\" href=\"#\" rel=\"noopener\" data-start=\"2610\" data-end=\"2648\"><strong data-start=\"2611\" data-end=\"2644\">Girasoles a domicilio en Sop\u00f3<\/strong><\/a><\/p>\n<h3 data-start=\"2650\" data-end=\"2703\">\ufe0f Coronas f\u00fanebres y arreglos para condolencias<\/h3>\n<p data-start=\"2705\" data-end=\"2855\">Momentos dif\u00edciles requieren gestos significativos. Ofrecemos <strong data-start=\"2767\" data-end=\"2821\">coronas f\u00fanebres, ramos blancos y arreglos sobrios<\/strong> para enviar condolencias en Sop\u00f3.<\/p>\n<p data-start=\"2857\" data-end=\"2907\"> Ver m\u00e1s: <a class=\"\" href=\"#\" rel=\"noopener\" data-start=\"2869\" data-end=\"2907\"><strong data-start=\"2870\" data-end=\"2903\">Flores para funerales en Sop\u00f3<\/strong><\/a><\/p>\n<h3 data-start=\"2909\" data-end=\"2950\"> Ramos de novia y flores para bodas<\/h3>\n<p data-start=\"2952\" data-end=\"3093\">Si te casas en Sop\u00f3 o tienes un evento especial, creamos <strong data-start=\"3009\" data-end=\"3092\">ramos de novia, boutonni\u00e8res, centros de mesa y decoraci\u00f3n floral personalizada<\/strong>.<\/p>\n<p data-start=\"3095\" data-end=\"3143\"> Ver m\u00e1s: <a class=\"\" href=\"#\" rel=\"noopener\" data-start=\"3107\" data-end=\"3143\"><strong data-start=\"3108\" data-end=\"3139\">Flores para bodas y eventos<\/strong><\/a><\/p>\n<hr data-start=\"3145\" data-end=\"3148\" \/>\n<h2 data-start=\"3150\" data-end=\"3206\"> \u00bfC\u00f3mo comprar flores en l\u00ednea con Archila Flowers?<\/h2>\n<p data-start=\"3208\" data-end=\"3297\">Comprar flores desde nuestra tienda es f\u00e1cil, r\u00e1pido y seguro. Sigue estos simples pasos:<\/p>\n<ol data-start=\"3299\" data-end=\"3588\">\n<li data-start=\"3299\" data-end=\"3355\">\n<p data-start=\"3302\" data-end=\"3355\"><strong data-start=\"3302\" data-end=\"3330\">Explora nuestro cat\u00e1logo<\/strong> por categor\u00eda u ocasi\u00f3n.<\/p>\n<\/li>\n<li data-start=\"3356\" data-end=\"3402\">\n<p data-start=\"3359\" data-end=\"3402\"><strong data-start=\"3359\" data-end=\"3384\">Selecciona el arreglo<\/strong> que m\u00e1s te guste.<\/p>\n<\/li>\n<li data-start=\"3403\" data-end=\"3457\">\n<p data-start=\"3406\" data-end=\"3457\"><strong data-start=\"3406\" data-end=\"3428\">A\u00f1\u00e1delo al carrito<\/strong> y elige la fecha de entrega.<\/p>\n<\/li>\n<li data-start=\"3458\" data-end=\"3520\">\n<p data-start=\"3461\" data-end=\"3520\"><strong data-start=\"3461\" data-end=\"3481\">Completa tu pago<\/strong> con tarjeta, PSE, Nequi o Bancolombia.<\/p>\n<\/li>\n<li data-start=\"3521\" data-end=\"3588\">\n<p data-start=\"3524\" data-end=\"3588\"><strong data-start=\"3524\" data-end=\"3535\">\u00a1Listo!<\/strong> Nosotros preparamos y entregamos las flores en Sop\u00f3.<\/p>\n<\/li>\n<\/ol>\n<p data-start=\"3590\" data-end=\"3679\"> \u00bfNecesitas ayuda en el proceso? <a class=\"cursor-pointer\" target=\"_new\" rel=\"noopener\" data-start=\"3625\" data-end=\"3679\">Cont\u00e1ctanos por WhatsApp<\/a><\/p>\n<hr data-start=\"3681\" data-end=\"3684\" \/>\n<h2 data-start=\"3686\" data-end=\"3751\"> Florister\u00edas en Sop\u00f3 con cobertura nacional e internacional<\/h2>\n<p data-start=\"3753\" data-end=\"4042\">\u00bfVives en el exterior y quieres enviar flores a tus seres queridos en Sop\u00f3? Archila Flowers te permite comprar desde cualquier parte del mundo. Muchos de nuestros clientes realizan pedidos desde <strong data-start=\"3948\" data-end=\"3997\">Estados Unidos, Espa\u00f1a, Canad\u00e1 y otros pa\u00edses<\/strong>, confiando en nuestra puntualidad y calidad.<\/p>\n<p data-start=\"4044\" data-end=\"4216\">Tambi\u00e9n atendemos pedidos corporativos y personales desde Bogot\u00e1 y otras ciudades de Colombia con <strong data-start=\"4142\" data-end=\"4215\">env\u00edos garantizados a Sop\u00f3, Cajic\u00e1, Ch\u00eda, Zipaquir\u00e1 y la Sabana Norte<\/strong>.<\/p>\n<hr data-start=\"4218\" data-end=\"4221\" \/>\n<h2 data-start=\"4223\" data-end=\"4257\"> Flores para empresas en Sop\u00f3<\/h2>\n<p data-start=\"4259\" data-end=\"4433\">Ofrecemos <strong data-start=\"4269\" data-end=\"4333\">servicios florales para empresas, oficinas y eventos en Sop\u00f3<\/strong>. Si necesitas ambientar tu espacio o enviar un detalle floral institucional, somos tu aliado ideal.<\/p>\n<h3 data-start=\"4435\" data-end=\"4463\">Servicios para empresas:<\/h3>\n<ul data-start=\"4465\" data-end=\"4610\">\n<li data-start=\"4465\" data-end=\"4508\">\n<p data-start=\"4467\" data-end=\"4508\">Arreglos florales mensuales para oficinas<\/p>\n<\/li>\n<li data-start=\"4509\" data-end=\"4547\">\n<p data-start=\"4511\" data-end=\"4547\">Regalos empresariales personalizados<\/p>\n<\/li>\n<li data-start=\"4548\" data-end=\"4580\">\n<p data-start=\"4550\" data-end=\"4580\">Coronas f\u00fanebres empresariales<\/p>\n<\/li>\n<li data-start=\"4581\" data-end=\"4610\">\n<p data-start=\"4583\" data-end=\"4610\">Ambientaciones para eventos<\/p>\n<\/li>\n<\/ul>\n<p data-start=\"4612\" data-end=\"4669\"> M\u00e1s informaci\u00f3n: <a class=\"\" href=\"#\" rel=\"noopener\" data-start=\"4632\" data-end=\"4669\"><strong data-start=\"4633\" data-end=\"4665\">Flores para empresas en Sop\u00f3<\/strong><\/a><\/p>\n<hr data-start=\"4671\" data-end=\"4674\" \/>\n<h2 data-start=\"4676\" data-end=\"4719\"> Opiniones reales de nuestros clientes<\/h2>\n<blockquote data-start=\"4721\" data-end=\"4860\">\n<p data-start=\"4723\" data-end=\"4860\">\u201cHice un pedido desde Miami y mi madre en Sop\u00f3 qued\u00f3 encantada con el ramo de rosas y girasoles. El servicio fue excelente.\u201d \u2013 Daniela M.<\/p>\n<\/blockquote>\n<blockquote data-start=\"4862\" data-end=\"4998\">\n<p data-start=\"4864\" data-end=\"4998\">\u201cMuy buena atenci\u00f3n. Personalizaron un arreglo para mi novia con chocolates y tarjeta incluida. \u00a1Gracias Archila Flowers!\u201d \u2013 Andr\u00e9s T.<\/p>\n<\/blockquote>\n<blockquote data-start=\"5000\" data-end=\"5120\">\n<p data-start=\"5002\" data-end=\"5120\">\u201cNecesit\u00e1bamos una corona f\u00fanebre urgente en Sop\u00f3. Cumplieron en menos de 4 horas. Muy recomendados.\u201d \u2013 Juan Carlos R.<\/p>\n<\/blockquote>\n<hr data-start=\"5122\" data-end=\"5125\" \/>\n<h2 data-start=\"5127\" data-end=\"5163\"> Compra segura y 100% confiable<\/h2>\n<p data-start=\"5165\" data-end=\"5320\">Archila Flowers garantiza que cada compra sea <strong data-start=\"5211\" data-end=\"5236\">segura y transparente<\/strong>. Nuestra plataforma WooCommerce cuenta con cifrado SSL y medios de pago confiables:<\/p>\n<ul data-start=\"5322\" data-end=\"5513\">\n<li data-start=\"5322\" data-end=\"5373\">\n<p data-start=\"5324\" data-end=\"5373\">\u2705 Tarjetas de cr\u00e9dito y d\u00e9bito (Visa, Mastercard)<\/p>\n<\/li>\n<li data-start=\"5374\" data-end=\"5416\">\n<p data-start=\"5376\" data-end=\"5416\">\u2705 PSE para cuentas bancarias colombianas<\/p>\n<\/li>\n<li data-start=\"5417\" data-end=\"5459\">\n<p data-start=\"5419\" data-end=\"5459\">\u2705 Transferencias por Nequi y Bancolombia<\/p>\n<\/li>\n<li data-start=\"5460\" data-end=\"5513\">\n<p data-start=\"5462\" data-end=\"5513\">\u2705 Pago contra entrega en ciertas zonas de la Sabana<\/p>\n<\/li>\n<\/ul>\n<hr data-start=\"5515\" data-end=\"5518\" \/>\n<h2 data-start=\"5520\" data-end=\"5573\"> Llamadas a la acci\u00f3n para aumentar conversiones<\/h2>\n<p data-start=\"5575\" data-end=\"5662\">Te recomiendo incluir estas frases como <strong data-start=\"5615\" data-end=\"5622\">CTA<\/strong> en tus p\u00e1ginas de producto y categor\u00eda:<\/p>\n<ul data-start=\"5664\" data-end=\"5950\">\n<li data-start=\"5664\" data-end=\"5727\">\n<p data-start=\"5666\" data-end=\"5727\">\u00bb \u00a1Haz tu pedido hoy y recibe flores en Sop\u00f3 el mismo d\u00eda!\u00bb<\/p>\n<\/li>\n<li data-start=\"5728\" data-end=\"5817\">\n<p data-start=\"5730\" data-end=\"5817\">\u00bb Personaliza tu arreglo floral con chocolates, peluches o globos. Escr\u00edbenos ahora.\u00bb<\/p>\n<\/li>\n<li data-start=\"5818\" data-end=\"5889\">\n<p data-start=\"5820\" data-end=\"5889\">\u00bb Compra segura, env\u00edo r\u00e1pido y flores espectaculares. \u00a1Ordena ya!\u00bb<\/p>\n<\/li>\n<li data-start=\"5890\" data-end=\"5950\">\n<p data-start=\"5892\" data-end=\"5950\">\u00bb \u00bfNo sabes qu\u00e9 elegir? D\u00e9janos asesorarte en WhatsApp.\u00bb<\/p>\n<\/li>\n<\/ul>\n<hr data-start=\"5952\" data-end=\"5955\" \/>\n<h2 data-start=\"5957\" data-end=\"6006\"> Florister\u00edas en Sop\u00f3 con coraz\u00f3n colombiano<\/h2>\n<p data-start=\"6008\" data-end=\"6329\">Archila Flowers es m\u00e1s que una tienda de flores: somos un equipo comprometido con el arte floral, la puntualidad en cada entrega y la satisfacci\u00f3n de nuestros clientes en Sop\u00f3. Trabajamos con productores locales, impulsando el campo colombiano y ofreciendo <strong data-start=\"6265\" data-end=\"6294\">flores de calidad premium<\/strong> para quienes valoran los detalles.<\/p>\n<p data-start=\"6331\" data-end=\"6416\"> <strong data-start=\"6334\" data-end=\"6416\">Haz de cada momento una experiencia inolvidable con flores de Archila Flowers.<\/strong><\/p>\n<hr data-start=\"6418\" data-end=\"6421\" \/>\n<h2 data-start=\"6423\" data-end=\"6450\"> \u00a1Haz tu pedido ahora!<\/h2>\n<ul data-start=\"6452\" data-end=\"6677\">\n<li data-start=\"6452\" data-end=\"6549\">\n<p data-start=\"6454\" data-end=\"6549\"> Visita nuestra tienda online: <a class=\"\" href=\"https:\/\/www.archilaflowers.com\" target=\"_new\" rel=\"noopener\" data-start=\"6487\" data-end=\"6547\"><strong data-start=\"6488\" data-end=\"6514\">www.archilaflowers.com<\/strong><\/a><\/p>\n<\/li>\n<li data-start=\"6550\" data-end=\"6628\">\n<p data-start=\"6552\" data-end=\"6628\"> Escr\u00edbenos por WhatsApp: <a class=\"cursor-pointer\" target=\"_new\" rel=\"noopener\" data-start=\"6580\" data-end=\"6626\">+57 320-5803805<\/a><\/p>\n<\/li>\n<li data-start=\"6629\" data-end=\"6677\">\n<p data-start=\"6631\" data-end=\"6677\"> Entregas r\u00e1pidas en <strong data-start=\"6654\" data-end=\"6677\">Sop\u00f3 y Sabana Norte<\/strong><\/p>\n<\/li>\n<\/ul>\n<p data-start=\"6679\" data-end=\"6752\"><strong data-start=\"6679\" data-end=\"6752\">Archila Flowers \u2013 Porque regalar flores siempre ser\u00e1 un acto de amor.<\/strong><\/p>\n","protected":false},"excerpt":{"rendered":"<p>Florister\u00edas en Sop\u00f3 \u2013 Compra flores frescas a domicilio con Archila Flowers Archila Flowers: tu florister\u00eda en Sop\u00f3 con entrega r\u00e1pida y dise\u00f1os espectaculares \u00bfBuscas florister\u00edas en Sop\u00f3 con flores&#8230;<\/p>\n","protected":false},"featured_media":124,"template":"","meta":[],"product_brand":[],"product_cat":[17],"product_tag":[],"class_list":{"0":"post-125","1":"product","2":"type-product","3":"status-publish","4":"has-post-thumbnail","6":"product_cat-ofertas","8":"first","9":"instock","10":"sale","11":"shipping-taxable","12":"purchasable","13":"product-type-simple"},"yoast_head":"<!-- This site is optimized with the Yoast SEO Premium plugin v23.3 (Yoast SEO v26.1) - https:\/\/yoast.com\/wordpress\/plugins\/seo\/ -->\n<title>Florister\u00edas en Sop\u00f3 - Floristeria en la Sabana<\/title>\n<meta name=\"description\" content=\"Florister\u00edas en Sop\u00f3, env\u00edo de ramos florales a domicilio, somos la Floristeria de la sabana norte que envia rosas en toda Sopo cundinamarca.\" \/>\n<meta name=\"robots\" content=\"index, follow, max-snippet:-1, max-image-preview:large, max-video-preview:-1\" \/>\n<link rel=\"canonical\" href=\"https:\/\/archilaflowers.com\/sabana\/producto\/floristerias-en-sopo\/\" \/>\n<meta property=\"og:locale\" content=\"es_ES\" \/>\n<meta property=\"og:type\" content=\"article\" \/>\n<meta property=\"og:title\" content=\"Sabana02\" \/>\n<meta property=\"og:description\" content=\"Florister\u00edas en Sop\u00f3, env\u00edo de ramos florales a domicilio, somos la Floristeria de la sabana norte que envia rosas en toda Sopo cundinamarca.\" \/>\n<meta property=\"og:url\" content=\"https:\/\/archilaflowers.com\/sabana\/producto\/floristerias-en-sopo\/\" \/>\n<meta property=\"og:site_name\" content=\"Floristeria en la Sabana\" \/>\n<meta property=\"article:modified_time\" content=\"2025-06-28T23:15:19+00:00\" \/>\n<meta property=\"og:image\" content=\"https:\/\/archilaflowers.com\/sabana\/wp-content\/uploads\/2024\/09\/Sin-titulo-1.gif\" \/>\n\t<meta property=\"og:image:width\" content=\"1024\" \/>\n\t<meta property=\"og:image:height\" content=\"768\" \/>\n\t<meta property=\"og:image:type\" content=\"image\/gif\" \/>\n<meta name=\"twitter:card\" content=\"summary_large_image\" \/>\n<meta name=\"twitter:label1\" content=\"Tiempo de lectura\" \/>\n\t<meta name=\"twitter:data1\" content=\"5 minutos\" \/>\n<script type=\"application\/ld+json\" class=\"yoast-schema-graph\">{\"@context\":\"https:\/\/schema.org\",\"@graph\":[{\"@type\":\"WebPage\",\"@id\":\"https:\/\/archilaflowers.com\/sabana\/producto\/floristerias-en-sopo\/\",\"url\":\"https:\/\/archilaflowers.com\/sabana\/producto\/floristerias-en-sopo\/\",\"name\":\"Florister\u00edas en Sop\u00f3 - Floristeria en la Sabana\",\"isPartOf\":{\"@id\":\"https:\/\/archilaflowers.com\/sabana\/#website\"},\"primaryImageOfPage\":{\"@id\":\"https:\/\/archilaflowers.com\/sabana\/producto\/floristerias-en-sopo\/#primaryimage\"},\"image\":{\"@id\":\"https:\/\/archilaflowers.com\/sabana\/producto\/floristerias-en-sopo\/#primaryimage\"},\"thumbnailUrl\":\"https:\/\/archilaflowers.com\/sabana\/wp-content\/uploads\/2024\/09\/Sin-titulo-1.gif\",\"datePublished\":\"2024-09-23T18:41:45+00:00\",\"dateModified\":\"2025-06-28T23:15:19+00:00\",\"description\":\"Florister\u00edas en Sop\u00f3, env\u00edo de ramos florales a domicilio, somos la Floristeria de la sabana norte que envia rosas en toda Sopo cundinamarca.\",\"breadcrumb\":{\"@id\":\"https:\/\/archilaflowers.com\/sabana\/producto\/floristerias-en-sopo\/#breadcrumb\"},\"inLanguage\":\"es\",\"potentialAction\":[{\"@type\":\"ReadAction\",\"target\":[\"https:\/\/archilaflowers.com\/sabana\/producto\/floristerias-en-sopo\/\"]}]},{\"@type\":\"ImageObject\",\"inLanguage\":\"es\",\"@id\":\"https:\/\/archilaflowers.com\/sabana\/producto\/floristerias-en-sopo\/#primaryimage\",\"url\":\"https:\/\/archilaflowers.com\/sabana\/wp-content\/uploads\/2024\/09\/Sin-titulo-1.gif\",\"contentUrl\":\"https:\/\/archilaflowers.com\/sabana\/wp-content\/uploads\/2024\/09\/Sin-titulo-1.gif\",\"width\":1024,\"height\":768,\"caption\":\"Florister\u00edas en Sop\u00f3\"},{\"@type\":\"BreadcrumbList\",\"@id\":\"https:\/\/archilaflowers.com\/sabana\/producto\/floristerias-en-sopo\/#breadcrumb\",\"itemListElement\":[{\"@type\":\"ListItem\",\"position\":1,\"name\":\"Home\",\"item\":\"https:\/\/archilaflowers.com\/sabana\/\"},{\"@type\":\"ListItem\",\"position\":2,\"name\":\"Tienda\",\"item\":\"https:\/\/archilaflowers.com\/sabana\/tienda\/\"},{\"@type\":\"ListItem\",\"position\":3,\"name\":\"Sabana02\"}]},{\"@type\":\"WebSite\",\"@id\":\"https:\/\/archilaflowers.com\/sabana\/#website\",\"url\":\"https:\/\/archilaflowers.com\/sabana\/\",\"name\":\"Floristeria en la Sabana\",\"description\":\"Envi\u00f3 de flores a Ch\u00eda, Cajic\u00e1, Sopo, Zipaquir\u00e1, Tenjo \",\"potentialAction\":[{\"@type\":\"SearchAction\",\"target\":{\"@type\":\"EntryPoint\",\"urlTemplate\":\"https:\/\/archilaflowers.com\/sabana\/?s={search_term_string}\"},\"query-input\":{\"@type\":\"PropertyValueSpecification\",\"valueRequired\":true,\"valueName\":\"search_term_string\"}}],\"inLanguage\":\"es\"}]}<\/script>\n<!-- \/ Yoast SEO Premium plugin. -->","yoast_head_json":{"title":"Florister\u00edas en Sop\u00f3 - Floristeria en la Sabana","description":"Florister\u00edas en Sop\u00f3, env\u00edo de ramos florales a domicilio, somos la Floristeria de la sabana norte que envia rosas en toda Sopo cundinamarca.","robots":{"index":"index","follow":"follow","max-snippet":"max-snippet:-1","max-image-preview":"max-image-preview:large","max-video-preview":"max-video-preview:-1"},"canonical":"https:\/\/archilaflowers.com\/sabana\/producto\/floristerias-en-sopo\/","og_locale":"es_ES","og_type":"article","og_title":"Sabana02","og_description":"Florister\u00edas en Sop\u00f3, env\u00edo de ramos florales a domicilio, somos la Floristeria de la sabana norte que envia rosas en toda Sopo cundinamarca.","og_url":"https:\/\/archilaflowers.com\/sabana\/producto\/floristerias-en-sopo\/","og_site_name":"Floristeria en la Sabana","article_modified_time":"2025-06-28T23:15:19+00:00","og_image":[{"width":1024,"height":768,"url":"https:\/\/archilaflowers.com\/sabana\/wp-content\/uploads\/2024\/09\/Sin-titulo-1.gif","type":"image\/gif"}],"twitter_card":"summary_large_image","twitter_misc":{"Tiempo de lectura":"5 minutos"},"schema":{"@context":"https:\/\/schema.org","@graph":[{"@type":"WebPage","@id":"https:\/\/archilaflowers.com\/sabana\/producto\/floristerias-en-sopo\/","url":"https:\/\/archilaflowers.com\/sabana\/producto\/floristerias-en-sopo\/","name":"Florister\u00edas en Sop\u00f3 - Floristeria en la Sabana","isPartOf":{"@id":"https:\/\/archilaflowers.com\/sabana\/#website"},"primaryImageOfPage":{"@id":"https:\/\/archilaflowers.com\/sabana\/producto\/floristerias-en-sopo\/#primaryimage"},"image":{"@id":"https:\/\/archilaflowers.com\/sabana\/producto\/floristerias-en-sopo\/#primaryimage"},"thumbnailUrl":"https:\/\/archilaflowers.com\/sabana\/wp-content\/uploads\/2024\/09\/Sin-titulo-1.gif","datePublished":"2024-09-23T18:41:45+00:00","dateModified":"2025-06-28T23:15:19+00:00","description":"Florister\u00edas en Sop\u00f3, env\u00edo de ramos florales a domicilio, somos la Floristeria de la sabana norte que envia rosas en toda Sopo cundinamarca.","breadcrumb":{"@id":"https:\/\/archilaflowers.com\/sabana\/producto\/floristerias-en-sopo\/#breadcrumb"},"inLanguage":"es","potentialAction":[{"@type":"ReadAction","target":["https:\/\/archilaflowers.com\/sabana\/producto\/floristerias-en-sopo\/"]}]},{"@type":"ImageObject","inLanguage":"es","@id":"https:\/\/archilaflowers.com\/sabana\/producto\/floristerias-en-sopo\/#primaryimage","url":"https:\/\/archilaflowers.com\/sabana\/wp-content\/uploads\/2024\/09\/Sin-titulo-1.gif","contentUrl":"https:\/\/archilaflowers.com\/sabana\/wp-content\/uploads\/2024\/09\/Sin-titulo-1.gif","width":1024,"height":768,"caption":"Florister\u00edas en Sop\u00f3"},{"@type":"BreadcrumbList","@id":"https:\/\/archilaflowers.com\/sabana\/producto\/floristerias-en-sopo\/#breadcrumb","itemListElement":[{"@type":"ListItem","position":1,"name":"Home","item":"https:\/\/archilaflowers.com\/sabana\/"},{"@type":"ListItem","position":2,"name":"Tienda","item":"https:\/\/archilaflowers.com\/sabana\/tienda\/"},{"@type":"ListItem","position":3,"name":"Sabana02"}]},{"@type":"WebSite","@id":"https:\/\/archilaflowers.com\/sabana\/#website","url":"https:\/\/archilaflowers.com\/sabana\/","name":"Floristeria en la Sabana","description":"Envi\u00f3 de flores a Ch\u00eda, Cajic\u00e1, Sopo, Zipaquir\u00e1, Tenjo ","potentialAction":[{"@type":"SearchAction","target":{"@type":"EntryPoint","urlTemplate":"https:\/\/archilaflowers.com\/sabana\/?s={search_term_string}"},"query-input":{"@type":"PropertyValueSpecification","valueRequired":true,"valueName":"search_term_string"}}],"inLanguage":"es"}]}},"_links":{"self":[{"href":"https:\/\/archilaflowers.com\/sabana\/wp-json\/wp\/v2\/product\/125","targetHints":{"allow":["GET"]}}],"collection":[{"href":"https:\/\/archilaflowers.com\/sabana\/wp-json\/wp\/v2\/product"}],"about":[{"href":"https:\/\/archilaflowers.com\/sabana\/wp-json\/wp\/v2\/types\/product"}],"wp:featuredmedia":[{"embeddable":true,"href":"https:\/\/archilaflowers.com\/sabana\/wp-json\/wp\/v2\/media\/124"}],"wp:attachment":[{"href":"https:\/\/archilaflowers.com\/sabana\/wp-json\/wp\/v2\/media?parent=125"}],"wp:term":[{"taxonomy":"product_brand","embeddable":true,"href":"https:\/\/archilaflowers.com\/sabana\/wp-json\/wp\/v2\/product_brand?post=125"},{"taxonomy":"product_cat","embeddable":true,"href":"https:\/\/archilaflowers.com\/sabana\/wp-json\/wp\/v2\/product_cat?post=125"},{"taxonomy":"product_tag","embeddable":true,"href":"https:\/\/archilaflowers.com\/sabana\/wp-json\/wp\/v2\/product_tag?post=125"}],"curies":[{"name":"wp","href":"https:\/\/api.w.org\/{rel}","templated":true}]}}