{"id":93,"date":"2024-09-23T18:40:35","date_gmt":"2024-09-23T18:40:35","guid":{"rendered":"https:\/\/archilaflowers.com\/sabana\/producto\/producto-31\/"},"modified":"2024-09-23T18:59:36","modified_gmt":"2024-09-23T18:59:36","slug":"producto-31","status":"publish","type":"product","link":"https:\/\/archilaflowers.com\/sabana\/producto\/producto-31\/","title":{"rendered":"Sabana17"},"content":{"rendered":"","protected":false},"excerpt":{"rendered":"","protected":false},"featured_media":92,"template":"","meta":[],"product_brand":[],"product_cat":[17],"product_tag":[],"class_list":{"0":"post-93","1":"product","2":"type-product","3":"status-publish","4":"has-post-thumbnail","6":"product_cat-ofertas","8":"first","9":"instock","10":"sale","11":"shipping-taxable","12":"purchasable","13":"product-type-simple"},"yoast_head":"<!-- This site is optimized with the Yoast SEO Premium plugin v23.3 (Yoast SEO v26.1) - https:\/\/yoast.com\/wordpress\/plugins\/seo\/ -->\n<title>Sabana17 - Floristeria en la Sabana<\/title>\n<meta name=\"robots\" content=\"index, follow, max-snippet:-1, max-image-preview:large, max-video-preview:-1\" \/>\n<link rel=\"canonical\" href=\"https:\/\/archilaflowers.com\/sabana\/producto\/producto-31\/\" \/>\n<meta property=\"og:locale\" content=\"es_ES\" \/>\n<meta property=\"og:type\" content=\"article\" \/>\n<meta property=\"og:title\" content=\"Sabana17\" \/>\n<meta property=\"og:url\" content=\"https:\/\/archilaflowers.com\/sabana\/producto\/producto-31\/\" \/>\n<meta property=\"og:site_name\" content=\"Floristeria en la Sabana\" \/>\n<meta property=\"article:modified_time\" content=\"2024-09-23T18:59:36+00:00\" \/>\n<meta property=\"og:image\" content=\"https:\/\/archilaflowers.com\/sabana\/wp-content\/uploads\/2024\/09\/girasoles-bouquet-01-1.webp\" \/>\n\t<meta property=\"og:image:width\" content=\"1360\" \/>\n\t<meta property=\"og:image:height\" content=\"1361\" \/>\n\t<meta property=\"og:image:type\" content=\"image\/webp\" \/>\n<meta name=\"twitter:card\" content=\"summary_large_image\" \/>\n<script type=\"application\/ld+json\" class=\"yoast-schema-graph\">{\"@context\":\"https:\/\/schema.org\",\"@graph\":[{\"@type\":\"WebPage\",\"@id\":\"https:\/\/archilaflowers.com\/sabana\/producto\/producto-31\/\",\"url\":\"https:\/\/archilaflowers.com\/sabana\/producto\/producto-31\/\",\"name\":\"Sabana17 - Floristeria en la Sabana\",\"isPartOf\":{\"@id\":\"https:\/\/archilaflowers.com\/sabana\/#website\"},\"primaryImageOfPage\":{\"@id\":\"https:\/\/archilaflowers.com\/sabana\/producto\/producto-31\/#primaryimage\"},\"image\":{\"@id\":\"https:\/\/archilaflowers.com\/sabana\/producto\/producto-31\/#primaryimage\"},\"thumbnailUrl\":\"https:\/\/archilaflowers.com\/sabana\/wp-content\/uploads\/2024\/09\/girasoles-bouquet-01-1.webp\",\"datePublished\":\"2024-09-23T18:40:35+00:00\",\"dateModified\":\"2024-09-23T18:59:36+00:00\",\"breadcrumb\":{\"@id\":\"https:\/\/archilaflowers.com\/sabana\/producto\/producto-31\/#breadcrumb\"},\"inLanguage\":\"es\",\"potentialAction\":[{\"@type\":\"ReadAction\",\"target\":[\"https:\/\/archilaflowers.com\/sabana\/producto\/producto-31\/\"]}]},{\"@type\":\"ImageObject\",\"inLanguage\":\"es\",\"@id\":\"https:\/\/archilaflowers.com\/sabana\/producto\/producto-31\/#primaryimage\",\"url\":\"https:\/\/archilaflowers.com\/sabana\/wp-content\/uploads\/2024\/09\/girasoles-bouquet-01-1.webp\",\"contentUrl\":\"https:\/\/archilaflowers.com\/sabana\/wp-content\/uploads\/2024\/09\/girasoles-bouquet-01-1.webp\",\"width\":1360,\"height\":1361},{\"@type\":\"BreadcrumbList\",\"@id\":\"https:\/\/archilaflowers.com\/sabana\/producto\/producto-31\/#breadcrumb\",\"itemListElement\":[{\"@type\":\"ListItem\",\"position\":1,\"name\":\"Home\",\"item\":\"https:\/\/archilaflowers.com\/sabana\/\"},{\"@type\":\"ListItem\",\"position\":2,\"name\":\"Tienda\",\"item\":\"https:\/\/archilaflowers.com\/sabana\/tienda\/\"},{\"@type\":\"ListItem\",\"position\":3,\"name\":\"Sabana17\"}]},{\"@type\":\"WebSite\",\"@id\":\"https:\/\/archilaflowers.com\/sabana\/#website\",\"url\":\"https:\/\/archilaflowers.com\/sabana\/\",\"name\":\"Floristeria en la Sabana\",\"description\":\"Envi\u00f3 de flores a Ch\u00eda, Cajic\u00e1, Sopo, Zipaquir\u00e1, Tenjo \",\"potentialAction\":[{\"@type\":\"SearchAction\",\"target\":{\"@type\":\"EntryPoint\",\"urlTemplate\":\"https:\/\/archilaflowers.com\/sabana\/?s={search_term_string}\"},\"query-input\":{\"@type\":\"PropertyValueSpecification\",\"valueRequired\":true,\"valueName\":\"search_term_string\"}}],\"inLanguage\":\"es\"}]}<\/script>\n<!-- \/ Yoast SEO Premium plugin. -->","yoast_head_json":{"title":"Sabana17 - Floristeria en la Sabana","robots":{"index":"index","follow":"follow","max-snippet":"max-snippet:-1","max-image-preview":"max-image-preview:large","max-video-preview":"max-video-preview:-1"},"canonical":"https:\/\/archilaflowers.com\/sabana\/producto\/producto-31\/","og_locale":"es_ES","og_type":"article","og_title":"Sabana17","og_url":"https:\/\/archilaflowers.com\/sabana\/producto\/producto-31\/","og_site_name":"Floristeria en la Sabana","article_modified_time":"2024-09-23T18:59:36+00:00","og_image":[{"width":1360,"height":1361,"url":"https:\/\/archilaflowers.com\/sabana\/wp-content\/uploads\/2024\/09\/girasoles-bouquet-01-1.webp","type":"image\/webp"}],"twitter_card":"summary_large_image","schema":{"@context":"https:\/\/schema.org","@graph":[{"@type":"WebPage","@id":"https:\/\/archilaflowers.com\/sabana\/producto\/producto-31\/","url":"https:\/\/archilaflowers.com\/sabana\/producto\/producto-31\/","name":"Sabana17 - Floristeria en la Sabana","isPartOf":{"@id":"https:\/\/archilaflowers.com\/sabana\/#website"},"primaryImageOfPage":{"@id":"https:\/\/archilaflowers.com\/sabana\/producto\/producto-31\/#primaryimage"},"image":{"@id":"https:\/\/archilaflowers.com\/sabana\/producto\/producto-31\/#primaryimage"},"thumbnailUrl":"https:\/\/archilaflowers.com\/sabana\/wp-content\/uploads\/2024\/09\/girasoles-bouquet-01-1.webp","datePublished":"2024-09-23T18:40:35+00:00","dateModified":"2024-09-23T18:59:36+00:00","breadcrumb":{"@id":"https:\/\/archilaflowers.com\/sabana\/producto\/producto-31\/#breadcrumb"},"inLanguage":"es","potentialAction":[{"@type":"ReadAction","target":["https:\/\/archilaflowers.com\/sabana\/producto\/producto-31\/"]}]},{"@type":"ImageObject","inLanguage":"es","@id":"https:\/\/archilaflowers.com\/sabana\/producto\/producto-31\/#primaryimage","url":"https:\/\/archilaflowers.com\/sabana\/wp-content\/uploads\/2024\/09\/girasoles-bouquet-01-1.webp","contentUrl":"https:\/\/archilaflowers.com\/sabana\/wp-content\/uploads\/2024\/09\/girasoles-bouquet-01-1.webp","width":1360,"height":1361},{"@type":"BreadcrumbList","@id":"https:\/\/archilaflowers.com\/sabana\/producto\/producto-31\/#breadcrumb","itemListElement":[{"@type":"ListItem","position":1,"name":"Home","item":"https:\/\/archilaflowers.com\/sabana\/"},{"@type":"ListItem","position":2,"name":"Tienda","item":"https:\/\/archilaflowers.com\/sabana\/tienda\/"},{"@type":"ListItem","position":3,"name":"Sabana17"}]},{"@type":"WebSite","@id":"https:\/\/archilaflowers.com\/sabana\/#website","url":"https:\/\/archilaflowers.com\/sabana\/","name":"Floristeria en la Sabana","description":"Envi\u00f3 de flores a Ch\u00eda, Cajic\u00e1, Sopo, Zipaquir\u00e1, Tenjo ","potentialAction":[{"@type":"SearchAction","target":{"@type":"EntryPoint","urlTemplate":"https:\/\/archilaflowers.com\/sabana\/?s={search_term_string}"},"query-input":{"@type":"PropertyValueSpecification","valueRequired":true,"valueName":"search_term_string"}}],"inLanguage":"es"}]}},"_links":{"self":[{"href":"https:\/\/archilaflowers.com\/sabana\/wp-json\/wp\/v2\/product\/93","targetHints":{"allow":["GET"]}}],"collection":[{"href":"https:\/\/archilaflowers.com\/sabana\/wp-json\/wp\/v2\/product"}],"about":[{"href":"https:\/\/archilaflowers.com\/sabana\/wp-json\/wp\/v2\/types\/product"}],"wp:featuredmedia":[{"embeddable":true,"href":"https:\/\/archilaflowers.com\/sabana\/wp-json\/wp\/v2\/media\/92"}],"wp:attachment":[{"href":"https:\/\/archilaflowers.com\/sabana\/wp-json\/wp\/v2\/media?parent=93"}],"wp:term":[{"taxonomy":"product_brand","embeddable":true,"href":"https:\/\/archilaflowers.com\/sabana\/wp-json\/wp\/v2\/product_brand?post=93"},{"taxonomy":"product_cat","embeddable":true,"href":"https:\/\/archilaflowers.com\/sabana\/wp-json\/wp\/v2\/product_cat?post=93"},{"taxonomy":"product_tag","embeddable":true,"href":"https:\/\/archilaflowers.com\/sabana\/wp-json\/wp\/v2\/product_tag?post=93"}],"curies":[{"name":"wp","href":"https:\/\/api.w.org\/{rel}","templated":true}]}}